{"id":1086,"date":"2023-03-21T10:50:44","date_gmt":"2023-03-21T13:50:44","guid":{"rendered":"https:\/\/rgmti.com.br\/?page_id=1086"},"modified":"2023-03-21T10:50:44","modified_gmt":"2023-03-21T13:50:44","slug":"boas-praticas-de-envio-de-e-mail","status":"publish","type":"page","link":"https:\/\/rgmti.com.br\/?page_id=1086","title":{"rendered":"Boas pr\u00e1ticas de envio de e-mail"},"content":{"rendered":"\n<p>Caso suas mensagens enviadas por nossa estrutura n\u00e3o cheguem ao destinat\u00e1rio e retorne Bounces informando <strong>rejei\u00e7\u00e3o, relatos de SPAM e\/ou Blacklist<\/strong>, verifique se as mesmas est\u00e3o sendo feitas de forma correta.<br>Como n\u00e3o temos um processo para evitar essa situa\u00e7\u00e3o, devido aos v\u00e1rios filtros existentes, separamos algumas recomenda\u00e7\u00f5es abaixo.<\/p>\n\n\n\n<p><strong>Como funciona o processo de envio<\/strong><\/p>\n\n\n\n<ul class=\"wp-block-list\">\n<li>A taxa de entregabilidade dos envios ir\u00e1 depender dos seguintes fatores: <strong><em>Reputa\u00e7\u00e3o de sua conta e Quantidade de Den\u00fancias.<\/em><\/strong><\/li>\n\n\n\n<li><strong>Reputa\u00e7\u00e3o da sua conta: <\/strong>A reputa\u00e7\u00e3o de sua conta \u00e9 levada em considera\u00e7\u00e3o por nosso sistema. Se em seus envios h\u00e1 uma taxa alta de emails inv\u00e1lidos e bounces, seu disparo ter\u00e1 uma reputa\u00e7\u00e3o ruim, fazendo assim com que as mensagens caiam na pasta SPAM e aumente a taxa de erros de recebimento.<\/li>\n\n\n\n<li><strong>Quantidade de Den\u00fancias: <\/strong>As den\u00fancias est\u00e3o relacionadas ao envio de SPAM, n\u00e3o necessariamente na entrega a pasta SPAM, mas sim, no disparo de mensagens que foram classificadas como SPAM pelos destinat\u00e1rios.<\/li>\n<\/ul>\n\n\n\n<p><strong>Pol\u00edtica RFC3463<\/strong><\/p>\n\n\n\n<ul class=\"wp-block-list\">\n<li>Devido a pol\u00edtica <strong><a href=\"http:\/\/tools.ietf.org\/html\/rfc3463\" target=\"_blank\" rel=\"noreferrer noopener\"><em>RFC3463<\/em><\/a>&nbsp;e de Anti-Spam, n\u00e3o podemos informar os contatos que denunciaram e os contatos suspeitos<\/strong>, pois cabe ao propriet\u00e1rio da lista realizar o gerenciamento dos contatos e a atualiza\u00e7\u00e3o dos mesmos.<\/li>\n\n\n\n<li>A estrutura ir\u00e1 filtrar o conte\u00fado das mensagens, gerando a pontua\u00e7\u00e3o da mensagem, onde ao exceder determinado valor essa mensagem pode ser classificada como SPAM e tamb\u00e9m descartada devido a pol\u00edtica de SPAM dos servidores de envio e recebimento.<\/li>\n\n\n\n<li>Havendo contatos suspeitos e den\u00fancias por parte dos destinat\u00e1rios, a reputa\u00e7\u00e3o da sua mensagem vai ser baixa e com isso a chance da sua mensagem ser considerada <em>SPAM<\/em>&nbsp;ou ser&nbsp;<em>Recusada pelo Destinat\u00e1rio&nbsp;<\/em>ser\u00e1 maior.<\/li>\n<\/ul>\n\n\n\n<p><\/p>\n\n\n\n<h1 class=\"wp-block-heading\">Melhorias para o Envio<\/h1>\n\n\n\n<p><strong>N\u00e3o utilize listas compradas<\/strong><\/p>\n\n\n\n<ul class=\"wp-block-list\">\n<li>Essas listas, apesar de possu\u00edrem milhares de endere\u00e7os eletr\u00f4nicos, j\u00e1 tem boa parte dos Servidores de e-mails que bloqueiam estes contatos. Portanto, apesar de dar mais trabalho e levar mais tempo, construa sua lista pr\u00f3pria de e-mails.<\/li>\n\n\n\n<li>Os emails que est\u00e3o em uma lista comprada geralmente s\u00e3o os piores poss\u00edveis. Pessoas que t\u00eam seu endere\u00e7o nessas listas muito provavelmente recebem emails de diversas outras empresas que tamb\u00e9m compraram endere\u00e7os.<\/li>\n\n\n\n<li>Al\u00e9m disso, geralmente essas listas t\u00eam muitos emails que n\u00e3o existem ou que foram desativados. Ao incluir esses emails na lista e fazer o envio, os servi\u00e7os de disparo dispon\u00edveis no mercado j\u00e1 identificam o \u201cerro\u201d e interpretam como um sinal claro que a lista n\u00e3o \u00e9 atual ou que n\u00e3o foi constru\u00edda com qualidade.<\/li>\n\n\n\n<li><strong><em>Resultado:<\/em><\/strong> Sua empresa fica com uma reputa\u00e7\u00e3o baixa para os pr\u00f3ximos disparos e com isso a chance da sua mensagem ser considerada SPAM ou ser Recusada pelo Destinat\u00e1rio ser\u00e1 maior.<\/li>\n<\/ul>\n\n\n\n<p><strong>N\u00e3o \u00e9 permitido<\/strong> envios em massa na nossa estrutura, pois trabalhamos com <strong>limites de envios e recebimentos<\/strong>.<\/p>\n\n\n\n<p><\/p>\n\n\n\n<p><strong>Conte\u00fado da Mensagem<\/strong><\/p>\n\n\n\n<p><strong>Assunto<\/strong><\/p>\n\n\n\n<ul class=\"wp-block-list\">\n<li>Um bom assunto fornece um bom resumo quanto ao conte\u00fado do e-mail que o destinat\u00e1rio ir\u00e1 receber. Visto que o assunto \u00e9 a primeira coisa que o destinat\u00e1rio enxerga, mantenha-o livre de erros, seja bem objetivo e n\u00e3o utilize textos em <strong>CAIXA ALTA<\/strong>.<\/li>\n\n\n\n<li>Evite usar palavras como:&nbsp;<em>promo\u00e7\u00e3o, free, clique aqui, gr\u00e1tis, cr\u00e9dito, GRATIS, aten\u00e7\u00e3o, oi, urgentemente, imediato, para voc\u00ea, PARE, desconto, oferta, agora, quente, incr\u00edvel, satisfa\u00e7\u00e3o, fa\u00e7a agora, aplique agora, s\u00f3 hoje, como visto na TV, evite, seja seu pr\u00f3prio patr\u00e3o, trabalhe em casa, b\u00f4nus em dinheiro, dinheiro de gra\u00e7a, dobre sua renda, ganhe $, marketing multin\u00edvel, ganhe dinheiro, fa\u00e7a dinheiro, seja pago semanalmente, dinheiro s\u00e9rio, dentre v\u00e1rias outras palavras.<\/em><br><\/li>\n<\/ul>\n\n\n\n<p><strong>Fontes<\/strong><\/p>\n\n\n\n<ul class=\"wp-block-list\">\n<li>Procure usar apenas uma dessas fontes b\u00e1sicas:&nbsp;<strong>Times New Roman, Georgia, Arial, Verdana ou Calibri<\/strong>. Outra coisa a se levar em considera\u00e7\u00e3o \u00e9 utilizar fonte de tamanho&nbsp;<strong>10 ou 12<\/strong>.<\/li>\n<\/ul>\n\n\n\n<p><strong>Anexos<\/strong><\/p>\n\n\n\n<ul class=\"wp-block-list\">\n<li>Caso seu email precise ser enviado com um Anexo, prefira arquivos que n\u00e3o ultrapasse 1MB.<\/li>\n\n\n\n<li>Se o arquivo for maior que isso, compacte ele para <strong>.zip<\/strong> .<\/li>\n\n\n\n<li>Evite anexos com extens\u00f5es suspeitas, exemplo: .exe, .eml, .dll e etc., veja em f\u00f3runs no Google quais s\u00e3o;<\/li>\n<\/ul>\n\n\n\n<p><strong>Cuidado com s\u00edmbolos \u201c\u00e7\u201d e \u201c~\u201d<\/strong><\/p>\n\n\n\n<ul class=\"wp-block-list\">\n<li>O portugu\u00eas \u00e9 a \u00fanica l\u00edngua que utiliza esses s\u00edmbolos, por isso evite utiliza-los;<\/li>\n\n\n\n<li>Nos servidores de e-mails este tipo s\u00edmbolo n\u00e3o \u00e9 interpretado;<\/li>\n\n\n\n<li>N\u00e3o exagere destes caracteres ao lado: <strong>( !!!, ???, ?! )<\/strong>;<\/li>\n\n\n\n<li>Evite emails escritos com a cor <strong>Vermelha <\/strong>ou&nbsp;<strong>Verde;<\/strong><\/li>\n\n\n\n<li>T\u00edtulos<em>:<\/em> N\u00e3o deve ter apelidos ou nomes no diminutivo.<\/li>\n<\/ul>\n\n\n\n<p><strong>Corpo da Mensagem<\/strong><\/p>\n\n\n\n<ul class=\"wp-block-list\">\n<li>No corpo da mensagem prefira textos curtos e diretos, com isso voc\u00ea passar\u00e1 a mensagem com mais objetividade.<\/li>\n\n\n\n<li>Evite usar short-links (Links curtos), usar links de uma forma geral no corpo da mensagem.<\/li>\n\n\n\n<li>Na assinatura evitar usar links incorporado na imagem, bem como, usar uma imagem desproporcional. Pois pode pontuar negativamente e com isso ser caracterizado como SPAM.<\/li>\n<\/ul>\n","protected":false},"excerpt":{"rendered":"<p>Caso suas mensagens enviadas por nossa estrutura n\u00e3o cheguem ao destinat\u00e1rio e retorne Bounces informando rejei\u00e7\u00e3o, relatos de SPAM e\/ou Blacklist, verifique se as mesmas est\u00e3o sendo feitas de forma correta.Como n\u00e3o temos um processo para evitar essa situa\u00e7\u00e3o, devido aos v\u00e1rios filtros existentes, separamos algumas recomenda\u00e7\u00f5es abaixo. Como funciona o processo de envio Pol\u00edtica RFC3463 Melhorias para o Envio N\u00e3o utilize listas compradas N\u00e3o \u00e9 permitido envios em massa na nossa estrutura, pois trabalhamos com limites de envios e recebimentos. Conte\u00fado da Mensagem Assunto Fontes Anexos Cuidado com s\u00edmbolos \u201c\u00e7\u201d e \u201c~\u201d Corpo da Mensagem<\/p>\n","protected":false},"author":1,"featured_media":0,"parent":0,"menu_order":0,"comment_status":"closed","ping_status":"closed","template":"","meta":{"_joinchat":[],"footnotes":""},"class_list":["post-1086","page","type-page","status-publish","hentry"],"_links":{"self":[{"href":"https:\/\/rgmti.com.br\/index.php?rest_route=\/wp\/v2\/pages\/1086","targetHints":{"allow":["GET"]}}],"collection":[{"href":"https:\/\/rgmti.com.br\/index.php?rest_route=\/wp\/v2\/pages"}],"about":[{"href":"https:\/\/rgmti.com.br\/index.php?rest_route=\/wp\/v2\/types\/page"}],"author":[{"embeddable":true,"href":"https:\/\/rgmti.com.br\/index.php?rest_route=\/wp\/v2\/users\/1"}],"replies":[{"embeddable":true,"href":"https:\/\/rgmti.com.br\/index.php?rest_route=%2Fwp%2Fv2%2Fcomments&post=1086"}],"version-history":[{"count":1,"href":"https:\/\/rgmti.com.br\/index.php?rest_route=\/wp\/v2\/pages\/1086\/revisions"}],"predecessor-version":[{"id":1087,"href":"https:\/\/rgmti.com.br\/index.php?rest_route=\/wp\/v2\/pages\/1086\/revisions\/1087"}],"wp:attachment":[{"href":"https:\/\/rgmti.com.br\/index.php?rest_route=%2Fwp%2Fv2%2Fmedia&parent=1086"}],"curies":[{"name":"wp","href":"https:\/\/api.w.org\/{rel}","templated":true}]}}