{"id":1344,"date":"2025-01-03T17:01:26","date_gmt":"2025-01-03T17:01:26","guid":{"rendered":"https:\/\/rgmti.com.br\/?page_id=1344"},"modified":"2025-01-03T18:43:18","modified_gmt":"2025-01-03T18:43:18","slug":"suporte-tecnico-e-manutencao","status":"publish","type":"page","link":"https:\/\/rgmti.com.br\/?page_id=1344","title":{"rendered":"Suporte T\u00e9cnico e Manuten\u00e7\u00e3o"},"content":{"rendered":"<p>O foco \u00e9 resolver problemas t\u00e9cnicos de hardware e software, com suporte t\u00e9cnico especifico para \u00e1rea.<\/p>\n<h5><strong><u>Servi\u00e7os:<\/u><\/strong><\/h5>\n<ul>\n<li>\n<h6><strong>B\u00e1sico (Essencial)<\/strong><\/h6>\n<ul>\n<li style=\"list-style-type: none;\">\n<ul>\n<li>Suporte t\u00e9cnico local e remoto de segunda a sexta, das 8:00 \u00e0s 12:00 e das 13:00 \u00e0s 18:00.<\/li>\n<li>Manuten\u00e7\u00e3o preventiva e corretiva de computadores e notebooks (Troca de Hardware, Limpeza interna, Atualiza\u00e7\u00e3o de SO, Atualiza\u00e7\u00e3o de Drivers, Limpeza de arquivos, etc.).<\/li>\n<li>Instala\u00e7\u00e3o e configura\u00e7\u00e3o de sistemas operacionais (Windows, Linux) em computadores e notebooks.<\/li>\n<li>Instala\u00e7\u00e3o e configura\u00e7\u00e3o de software (antiv\u00edrus, programas essenciais).<\/li>\n<li>Configura\u00e7\u00e3o b\u00e1sica de equipamentos (computadores, monitores e impressoras).<\/li>\n<\/ul>\n<\/li>\n<\/ul>\n<\/li>\n<\/ul>\n<ul>\n<li>\n<h6><strong>Intermedi\u00e1rio<\/strong><\/h6>\n<ul>\n<li style=\"list-style-type: none;\">\n<ul>\n<li>Manuten\u00e7\u00e3o preventiva e corretiva em Servidores (Vmware ESXi, Windows Server, Linux Server).<\/li>\n<li>Instala\u00e7\u00e3o e configura\u00e7\u00e3o de Servidores (sistemas operacionais e softwares).<\/li>\n<li>Suporte t\u00e9cnico para Servidores e esta\u00e7\u00f5es de trabalho.<\/li>\n<\/ul>\n<\/li>\n<\/ul>\n<\/li>\n<\/ul>\n<ul>\n<li>\n<h6><strong>Avan\u00e7ado<\/strong><\/h6>\n<ul>\n<li style=\"list-style-type: none;\">\n<ul>\n<li>Monitoramento 24&#215;7 de servidores e infraestrutura.<\/li>\n<li>Gerenciamento de backup remoto e local para servidores.<\/li>\n<li>Gerenciamento de antiv\u00edrus corporativo.<\/li>\n<\/ul>\n<\/li>\n<\/ul>\n<\/li>\n<\/ul>\n<p>&nbsp;<\/p>\n<h5><strong><u>Resultados Esperados<\/u><\/strong><u>: <\/u><\/h5>\n<p>Equipamentos funcionando corretamente, melhor performance dos sistemas e menos interrup\u00e7\u00f5es.<\/p>\n<p><a href=\"https:\/\/rgmti.com.br\/?page_id=489\">Voltar para Nossos Servi\u00e7os<\/a><\/p>\n","protected":false},"excerpt":{"rendered":"<p>O foco \u00e9 resolver problemas t\u00e9cnicos de hardware e software, com suporte t\u00e9cnico especifico para \u00e1rea. Servi\u00e7os: B\u00e1sico (Essencial) Suporte t\u00e9cnico local e remoto de segunda a sexta, das 8:00 \u00e0s 12:00 e das 13:00 \u00e0s 18:00. Manuten\u00e7\u00e3o preventiva e corretiva de computadores e notebooks (Troca de Hardware, Limpeza interna, Atualiza\u00e7\u00e3o de SO, Atualiza\u00e7\u00e3o de Drivers, Limpeza de arquivos, etc.). Instala\u00e7\u00e3o e configura\u00e7\u00e3o de sistemas operacionais (Windows, Linux) em computadores e notebooks. Instala\u00e7\u00e3o e configura\u00e7\u00e3o de software (antiv\u00edrus, programas essenciais). Configura\u00e7\u00e3o b\u00e1sica de equipamentos (computadores, monitores e impressoras). Intermedi\u00e1rio Manuten\u00e7\u00e3o preventiva e corretiva em Servidores (Vmware ESXi, Windows Server, Linux Server). Instala\u00e7\u00e3o e configura\u00e7\u00e3o de Servidores (sistemas operacionais e softwares).&hellip; <a class=\"read-more\" href=\"https:\/\/rgmti.com.br\/?page_id=1344\">Leia Mais<\/a><\/p>\n","protected":false},"author":1,"featured_media":0,"parent":0,"menu_order":0,"comment_status":"closed","ping_status":"closed","template":"","meta":{"_joinchat":[],"footnotes":""},"class_list":["post-1344","page","type-page","status-publish","hentry"],"_links":{"self":[{"href":"https:\/\/rgmti.com.br\/index.php?rest_route=\/wp\/v2\/pages\/1344","targetHints":{"allow":["GET"]}}],"collection":[{"href":"https:\/\/rgmti.com.br\/index.php?rest_route=\/wp\/v2\/pages"}],"about":[{"href":"https:\/\/rgmti.com.br\/index.php?rest_route=\/wp\/v2\/types\/page"}],"author":[{"embeddable":true,"href":"https:\/\/rgmti.com.br\/index.php?rest_route=\/wp\/v2\/users\/1"}],"replies":[{"embeddable":true,"href":"https:\/\/rgmti.com.br\/index.php?rest_route=%2Fwp%2Fv2%2Fcomments&post=1344"}],"version-history":[{"count":10,"href":"https:\/\/rgmti.com.br\/index.php?rest_route=\/wp\/v2\/pages\/1344\/revisions"}],"predecessor-version":[{"id":1388,"href":"https:\/\/rgmti.com.br\/index.php?rest_route=\/wp\/v2\/pages\/1344\/revisions\/1388"}],"wp:attachment":[{"href":"https:\/\/rgmti.com.br\/index.php?rest_route=%2Fwp%2Fv2%2Fmedia&parent=1344"}],"curies":[{"name":"wp","href":"https:\/\/api.w.org\/{rel}","templated":true}]}}