{"id":1354,"date":"2025-01-03T17:12:23","date_gmt":"2025-01-03T17:12:23","guid":{"rendered":"https:\/\/rgmti.com.br\/?page_id=1354"},"modified":"2025-01-03T18:42:50","modified_gmt":"2025-01-03T18:42:50","slug":"infraestrutura-de-ti","status":"publish","type":"page","link":"https:\/\/rgmti.com.br\/?page_id=1354","title":{"rendered":"Infraestrutura de TI"},"content":{"rendered":"<p>Voltado para configurar e manter a estrutura de rede e sistemas de conectividade, garantindo que empresas e usu\u00e1rios tenham acesso est\u00e1vel e seguro \u00e0 internet e aos sistemas internos.<\/p>\n<h5><strong><u>Servi\u00e7os:<\/u><\/strong><\/h5>\n<ul>\n<li>\n<h6><strong>B\u00e1sico (Essencial)<\/strong><\/h6>\n<ul>\n<li style=\"list-style-type: none;\">\n<ul>\n<li>Planejamento e implementa\u00e7\u00e3o de redes locais para conectar computadores, impressoras e roteadores.<\/li>\n<\/ul>\n<\/li>\n<\/ul>\n<\/li>\n<\/ul>\n<ul>\n<li>\n<h6>I<strong>ntermedi\u00e1rio<\/strong><\/h6>\n<ul>\n<li style=\"list-style-type: none;\">\n<ul>\n<li>Configura\u00e7\u00e3o de servidores e esta\u00e7\u00f5es de trabalho.<\/li>\n<li>Backup local de dados para servidores.<\/li>\n<\/ul>\n<\/li>\n<\/ul>\n<\/li>\n<\/ul>\n<ul>\n<li>\n<h6>\u00a0<strong>Avan\u00e7ado<\/strong><\/h6>\n<ul>\n<li style=\"list-style-type: none;\">\n<ul>\n<li>Configura\u00e7\u00e3o de rede (Microsoft Windows Server, Linux, VLAN, Mikrotik, Switches gerenci\u00e1veis, e outros equipamentos de rede).<\/li>\n<li>Configura\u00e7\u00e3o de VPNs para acessos remotos seguros.<\/li>\n<li>Monitoramento e manuten\u00e7\u00e3o de desempenho da rede.<\/li>\n<li>Implanta\u00e7\u00e3o e gerenciamento de servidores.<\/li>\n<li>Virtualiza\u00e7\u00e3o de servidores.<\/li>\n<li>Cria\u00e7\u00e3o, manuten\u00e7\u00e3o e gerenciamento de Google Workspace e hospedagem de dom\u00ednio.<\/li>\n<li>Gerenciamento completo de infraestrutura (rede, servidores, backup, seguran\u00e7a, etc.).<\/li>\n<\/ul>\n<\/li>\n<\/ul>\n<\/li>\n<\/ul>\n<h5><strong><u>Resultados Esperados<\/u><\/strong><\/h5>\n<p>Redu\u00e7\u00e3o de problemas de conex\u00e3o, seguran\u00e7a de dados, e uma estrutura de rede confi\u00e1vel que suporte o fluxo de trabalho dos clientes.<\/p>\n<p><a href=\"https:\/\/rgmti.com.br\/?page_id=489\">Voltar para Nossos Servi\u00e7os<\/a><\/p>\n","protected":false},"excerpt":{"rendered":"<p>Voltado para configurar e manter a estrutura de rede e sistemas de conectividade, garantindo que empresas e usu\u00e1rios tenham acesso est\u00e1vel e seguro \u00e0 internet e aos sistemas internos. Servi\u00e7os: B\u00e1sico (Essencial) Planejamento e implementa\u00e7\u00e3o de redes locais para conectar computadores, impressoras e roteadores. Intermedi\u00e1rio Configura\u00e7\u00e3o de servidores e esta\u00e7\u00f5es de trabalho. Backup local de dados para servidores. \u00a0Avan\u00e7ado Configura\u00e7\u00e3o de rede (Microsoft Windows Server, Linux, VLAN, Mikrotik, Switches gerenci\u00e1veis, e outros equipamentos de rede). Configura\u00e7\u00e3o de VPNs para acessos remotos seguros. Monitoramento e manuten\u00e7\u00e3o de desempenho da rede. Implanta\u00e7\u00e3o e gerenciamento de servidores. Virtualiza\u00e7\u00e3o de servidores. Cria\u00e7\u00e3o, manuten\u00e7\u00e3o e gerenciamento de Google Workspace e hospedagem de dom\u00ednio. Gerenciamento completo&hellip; <a class=\"read-more\" href=\"https:\/\/rgmti.com.br\/?page_id=1354\">Leia Mais<\/a><\/p>\n","protected":false},"author":1,"featured_media":0,"parent":0,"menu_order":0,"comment_status":"closed","ping_status":"closed","template":"","meta":{"_joinchat":[],"footnotes":""},"class_list":["post-1354","page","type-page","status-publish","hentry"],"_links":{"self":[{"href":"https:\/\/rgmti.com.br\/index.php?rest_route=\/wp\/v2\/pages\/1354","targetHints":{"allow":["GET"]}}],"collection":[{"href":"https:\/\/rgmti.com.br\/index.php?rest_route=\/wp\/v2\/pages"}],"about":[{"href":"https:\/\/rgmti.com.br\/index.php?rest_route=\/wp\/v2\/types\/page"}],"author":[{"embeddable":true,"href":"https:\/\/rgmti.com.br\/index.php?rest_route=\/wp\/v2\/users\/1"}],"replies":[{"embeddable":true,"href":"https:\/\/rgmti.com.br\/index.php?rest_route=%2Fwp%2Fv2%2Fcomments&post=1354"}],"version-history":[{"count":7,"href":"https:\/\/rgmti.com.br\/index.php?rest_route=\/wp\/v2\/pages\/1354\/revisions"}],"predecessor-version":[{"id":1387,"href":"https:\/\/rgmti.com.br\/index.php?rest_route=\/wp\/v2\/pages\/1354\/revisions\/1387"}],"wp:attachment":[{"href":"https:\/\/rgmti.com.br\/index.php?rest_route=%2Fwp%2Fv2%2Fmedia&parent=1354"}],"curies":[{"name":"wp","href":"https:\/\/api.w.org\/{rel}","templated":true}]}}