{"id":1358,"date":"2025-01-03T17:15:05","date_gmt":"2025-01-03T17:15:05","guid":{"rendered":"https:\/\/rgmti.com.br\/?page_id=1358"},"modified":"2025-01-03T18:42:37","modified_gmt":"2025-01-03T18:42:37","slug":"seguranca-da-informacao","status":"publish","type":"page","link":"https:\/\/rgmti.com.br\/?page_id=1358","title":{"rendered":"Seguran\u00e7a da Informa\u00e7\u00e3o"},"content":{"rendered":"<p>Focado em proteger os dados e sistemas contra amea\u00e7as digitais, vazamentos e acessos n\u00e3o autorizados.<\/p>\n<h5><strong><u>Servi\u00e7os:<\/u><\/strong><\/h5>\n<ul>\n<li>\n<h6><strong>B\u00e1sico (Essencial)<\/strong><\/h6>\n<\/li>\n<\/ul>\n<ul>\n<li style=\"list-style-type: none;\">\n<ul>\n<li style=\"list-style-type: none;\">\n<ul>\n<li>Implementa\u00e7\u00e3o de antiv\u00edrus para prote\u00e7\u00e3o de redes e dispositivos.<\/li>\n<\/ul>\n<\/li>\n<\/ul>\n<\/li>\n<\/ul>\n<ul>\n<li>\n<h6><strong>Intermedi\u00e1rio<\/strong><\/h6>\n<\/li>\n<\/ul>\n<ul>\n<li style=\"list-style-type: none;\">\n<ul>\n<li style=\"list-style-type: none;\">\n<ul>\n<li>Implementa\u00e7\u00e3o de firewall para prote\u00e7\u00e3o de redes e dispositivos.<\/li>\n<\/ul>\n<\/li>\n<\/ul>\n<\/li>\n<\/ul>\n<ul>\n<li>\n<h6><strong>Avan\u00e7ado<\/strong><\/h6>\n<ul>\n<li style=\"list-style-type: none;\">\n<ul>\n<li>An\u00e1lise e auditoria de seguran\u00e7a para identificar vulnerabilidades.<\/li>\n<li>Implementa\u00e7\u00e3o de pol\u00edticas de seguran\u00e7a, como controle de acesso e autentica\u00e7\u00e3o.<\/li>\n<li>Backup e recupera\u00e7\u00e3o de dados.<\/li>\n<li>Preven\u00e7\u00e3o contra ataques.<\/li>\n<\/ul>\n<\/li>\n<\/ul>\n<\/li>\n<\/ul>\n<h5><strong><u>Resultados Esperados<\/u><\/strong><u>: <\/u><\/h5>\n<p>Seguran\u00e7a de dados, preven\u00e7\u00e3o de ataques e compliance com normas de seguran\u00e7a como LGPD e GDPR.<\/p>\n<p><a href=\"https:\/\/rgmti.com.br\/?page_id=489\">Voltar para Nossos Servi\u00e7os<\/a><\/p>\n","protected":false},"excerpt":{"rendered":"<p>Focado em proteger os dados e sistemas contra amea\u00e7as digitais, vazamentos e acessos n\u00e3o autorizados. Servi\u00e7os: B\u00e1sico (Essencial) Implementa\u00e7\u00e3o de antiv\u00edrus para prote\u00e7\u00e3o de redes e dispositivos. Intermedi\u00e1rio Implementa\u00e7\u00e3o de firewall para prote\u00e7\u00e3o de redes e dispositivos. Avan\u00e7ado An\u00e1lise e auditoria de seguran\u00e7a para identificar vulnerabilidades. Implementa\u00e7\u00e3o de pol\u00edticas de seguran\u00e7a, como controle de acesso e autentica\u00e7\u00e3o. Backup e recupera\u00e7\u00e3o de dados. Preven\u00e7\u00e3o contra ataques. Resultados Esperados: Seguran\u00e7a de dados, preven\u00e7\u00e3o de ataques e compliance com normas de seguran\u00e7a como LGPD e GDPR. Voltar para Nossos Servi\u00e7os<\/p>\n","protected":false},"author":1,"featured_media":0,"parent":0,"menu_order":0,"comment_status":"closed","ping_status":"closed","template":"","meta":{"_joinchat":[],"footnotes":""},"class_list":["post-1358","page","type-page","status-publish","hentry"],"_links":{"self":[{"href":"https:\/\/rgmti.com.br\/index.php?rest_route=\/wp\/v2\/pages\/1358","targetHints":{"allow":["GET"]}}],"collection":[{"href":"https:\/\/rgmti.com.br\/index.php?rest_route=\/wp\/v2\/pages"}],"about":[{"href":"https:\/\/rgmti.com.br\/index.php?rest_route=\/wp\/v2\/types\/page"}],"author":[{"embeddable":true,"href":"https:\/\/rgmti.com.br\/index.php?rest_route=\/wp\/v2\/users\/1"}],"replies":[{"embeddable":true,"href":"https:\/\/rgmti.com.br\/index.php?rest_route=%2Fwp%2Fv2%2Fcomments&post=1358"}],"version-history":[{"count":3,"href":"https:\/\/rgmti.com.br\/index.php?rest_route=\/wp\/v2\/pages\/1358\/revisions"}],"predecessor-version":[{"id":1386,"href":"https:\/\/rgmti.com.br\/index.php?rest_route=\/wp\/v2\/pages\/1358\/revisions\/1386"}],"wp:attachment":[{"href":"https:\/\/rgmti.com.br\/index.php?rest_route=%2Fwp%2Fv2%2Fmedia&parent=1358"}],"curies":[{"name":"wp","href":"https:\/\/api.w.org\/{rel}","templated":true}]}}