{"id":1499,"date":"2025-05-20T13:33:26","date_gmt":"2025-05-20T16:33:26","guid":{"rendered":"https:\/\/rgmti.com.br\/?page_id=1499"},"modified":"2025-05-20T13:33:26","modified_gmt":"2025-05-20T16:33:26","slug":"como-criar-uma-conta-de-email-no-cpanel","status":"publish","type":"page","link":"https:\/\/rgmti.com.br\/?page_id=1499","title":{"rendered":"Como Criar Uma Conta de Email no cPanel"},"content":{"rendered":"<p>Neste tutorial, vamos mostrar como criar uma conta de email no cPanel.<\/p>\n<h2><strong>1 \u2013 Acessando o painel de controle cPanel<\/strong><\/h2>\n<p>Para saber como criar uma conta de email no cPanel, primeiro voc\u00ea precisa acessar o painel de controle. Voc\u00ea pode fazer isso acessando:<\/p>\n<ul>\n<li><a href=\"http:\/\/seudominio.com.br:2082\" target=\"_blank\" rel=\"nofollow external noopener noreferrer\" data-wpel-link=\"external\"><b><i>http:\/\/cpanel.seudominio.com.br<\/i><\/b><\/a> ou\u00a0<a href=\"http:\/\/seudominio.com.br\/cpanel\" target=\"_blank\" rel=\"nofollow external noopener noreferrer\" data-wpel-link=\"external\"><b><i>http:\/\/iuri0064.hospedagemdesites.ws:2083<\/i><\/b><\/a>.<\/li>\n<\/ul>\n<h2><strong>2 \u2013 Localizando a se\u00e7\u00e3o Contas de Email<\/strong><\/h2>\n<p>J\u00e1 dentro do painel de controle, voc\u00ea precisa localizar a se\u00e7\u00e3o<b> Email<\/b> e, ent\u00e3o, clicar no \u00edcone <b>Contas de Email<\/b>. Entretanto, se voc\u00ea n\u00e3o estiver conseguindo encontrar o \u00edcone, voc\u00ea precisa contatar imediatamente o suporte da sua empresa de hospedagem.<\/p>\n<p><img loading=\"lazy\" decoding=\"async\" class=\"alignnone size-full wp-image-1502\" src=\"https:\/\/rgmti.com.br\/wp-content\/uploads\/2025\/05\/2.jpg\" alt=\"\" width=\"1024\" height=\"581\" srcset=\"https:\/\/rgmti.com.br\/wp-content\/uploads\/2025\/05\/2.jpg 1024w, https:\/\/rgmti.com.br\/wp-content\/uploads\/2025\/05\/2-300x170.jpg 300w, https:\/\/rgmti.com.br\/wp-content\/uploads\/2025\/05\/2-768x436.jpg 768w\" sizes=\"auto, (max-width: 1024px) 100vw, 1024px\" \/><\/p>\n<h2><strong>3 \u2013 Enfim como criar uma conta de email no cPanel<\/strong><\/h2>\n<p>Agora voc\u00ea j\u00e1 pode criar a sua pr\u00f3pria conta de email. Tudo o que voc\u00ea precisa fazer \u00e9 especificar um nome de usu\u00e1rio que voc\u00ea quer usar com o seu dom\u00ednio. Por exemplo, voc\u00ea pode fazer desse jeito:<strong>\u00a0<em>seuemail@seudominio.com.br<\/em><\/strong>.<\/p>\n<p>Voc\u00ea vai precisar tamb\u00e9m usar uma senha de acesso para sua nova conta de email. N\u00f3s recomendamos usar, pelo menos, uma letra mai\u00fascula e um n\u00famero na senha criada.<\/p>\n<p><img loading=\"lazy\" decoding=\"async\" class=\"alignnone size-full wp-image-1501\" src=\"https:\/\/rgmti.com.br\/wp-content\/uploads\/2025\/05\/3.jpg\" alt=\"\" width=\"830\" height=\"684\" srcset=\"https:\/\/rgmti.com.br\/wp-content\/uploads\/2025\/05\/3.jpg 830w, https:\/\/rgmti.com.br\/wp-content\/uploads\/2025\/05\/3-300x247.jpg 300w, https:\/\/rgmti.com.br\/wp-content\/uploads\/2025\/05\/3-768x633.jpg 768w\" sizes=\"auto, (max-width: 830px) 100vw, 830px\" \/><\/p>\n<p>A partir daqui, voc\u00ea pode configurar a <strong>Cota da Caixa de Correio <\/strong>(imagem acima). Ela delimita o espa\u00e7o dispon\u00edvel para usar na sua nova conta de email.<\/p>\n<ul>\n<li>A Cota da Caixa de Correio d\u00e1 a voc\u00ea duas op\u00e7\u00f5es. A primeira op\u00e7\u00e3o, por padr\u00e3o, oferece 1024MB de armazenamento. A segunda oferece armazenamento ilimitado.<\/li>\n<li>Se voc\u00ea configurar a Cota da Caixa de Correio para 1024MB, tome cuidado. Quando esse limite for alcan\u00e7ado, n\u00e3o ser\u00e1 mais poss\u00edvel receber emails, pois a caixa estar\u00e1 cheia.<\/li>\n<li>Se voc\u00ea configurar a Cota da Caixa de Correio para ilimitado, ela nunca vai ficar cheia. Se essa for a sua \u00fanica conta de email criada, ent\u00e3o nem se preocupe e apenas selecione <strong>Ilimitado<\/strong>.<\/li>\n<\/ul>\n<h2><strong>4 \u2013 Finalizando a cria\u00e7\u00e3o da sua conta de email no cPanel<\/strong><\/h2>\n<p>Depois de preencher todos os detalhes, basta voc\u00ea clicar em <b>Criar Conta<\/b>. Se tudo o que voc\u00ea preencheu estiver correto, voc\u00ea ver\u00e1 uma mensagem de que seu email foi criado com sucesso. Essa \u00e9 a prova de que voc\u00ea acabou de aprender como criar uma conta de email no cPanel.<\/p>\n<p><img loading=\"lazy\" decoding=\"async\" class=\"alignnone size-full wp-image-1500\" src=\"https:\/\/rgmti.com.br\/wp-content\/uploads\/2025\/05\/4.jpg\" alt=\"\" width=\"789\" height=\"690\" srcset=\"https:\/\/rgmti.com.br\/wp-content\/uploads\/2025\/05\/4.jpg 789w, https:\/\/rgmti.com.br\/wp-content\/uploads\/2025\/05\/4-300x262.jpg 300w, https:\/\/rgmti.com.br\/wp-content\/uploads\/2025\/05\/4-768x672.jpg 768w\" sizes=\"auto, (max-width: 789px) 100vw, 789px\" \/><\/p>\n<h2><strong><br \/>\nConclus\u00e3o<\/strong><\/h2>\n<p>A cria\u00e7\u00e3o de conta de email no cPanel \u00e9 bem simples. Se ainda assim voc\u00ea tiver algum problema ou mensagem de erro, entre em contato.<\/p>\n<div class=\"notranslate\" style=\"all: initial;\"><\/div>\n","protected":false},"excerpt":{"rendered":"<p>Neste tutorial, vamos mostrar como criar uma conta de email no cPanel. 1 \u2013 Acessando o painel de controle cPanel Para saber como criar uma conta de email no cPanel, primeiro voc\u00ea precisa acessar o painel de controle. Voc\u00ea pode fazer isso acessando: http:\/\/cpanel.seudominio.com.br ou\u00a0http:\/\/iuri0064.hospedagemdesites.ws:2083. 2 \u2013 Localizando a se\u00e7\u00e3o Contas de Email J\u00e1 dentro do painel de controle, voc\u00ea precisa localizar a se\u00e7\u00e3o Email e, ent\u00e3o, clicar no \u00edcone Contas de Email. Entretanto, se voc\u00ea n\u00e3o estiver conseguindo encontrar o \u00edcone, voc\u00ea precisa contatar imediatamente o suporte da sua empresa de hospedagem. 3 \u2013 Enfim como criar uma conta de email no cPanel Agora voc\u00ea j\u00e1 pode criar a&hellip; <a class=\"read-more\" href=\"https:\/\/rgmti.com.br\/?page_id=1499\">Leia Mais<\/a><\/p>\n","protected":false},"author":1,"featured_media":0,"parent":0,"menu_order":0,"comment_status":"closed","ping_status":"closed","template":"","meta":{"_joinchat":[],"footnotes":""},"class_list":["post-1499","page","type-page","status-publish","hentry"],"_links":{"self":[{"href":"https:\/\/rgmti.com.br\/index.php?rest_route=\/wp\/v2\/pages\/1499","targetHints":{"allow":["GET"]}}],"collection":[{"href":"https:\/\/rgmti.com.br\/index.php?rest_route=\/wp\/v2\/pages"}],"about":[{"href":"https:\/\/rgmti.com.br\/index.php?rest_route=\/wp\/v2\/types\/page"}],"author":[{"embeddable":true,"href":"https:\/\/rgmti.com.br\/index.php?rest_route=\/wp\/v2\/users\/1"}],"replies":[{"embeddable":true,"href":"https:\/\/rgmti.com.br\/index.php?rest_route=%2Fwp%2Fv2%2Fcomments&post=1499"}],"version-history":[{"count":1,"href":"https:\/\/rgmti.com.br\/index.php?rest_route=\/wp\/v2\/pages\/1499\/revisions"}],"predecessor-version":[{"id":1503,"href":"https:\/\/rgmti.com.br\/index.php?rest_route=\/wp\/v2\/pages\/1499\/revisions\/1503"}],"wp:attachment":[{"href":"https:\/\/rgmti.com.br\/index.php?rest_route=%2Fwp%2Fv2%2Fmedia&parent=1499"}],"curies":[{"name":"wp","href":"https:\/\/api.w.org\/{rel}","templated":true}]}}