{"id":489,"date":"2019-12-11T19:46:57","date_gmt":"2019-12-11T22:46:57","guid":{"rendered":"http:\/\/rgmti.com.br\/?page_id=489"},"modified":"2025-01-03T16:29:46","modified_gmt":"2025-01-03T19:29:46","slug":"servicos-de-t-i","status":"publish","type":"page","link":"https:\/\/rgmti.com.br\/?page_id=489","title":{"rendered":"Servi\u00e7os"},"content":{"rendered":"\r\n\r\n\r\n<h5><a href=\"https:\/\/rgmti.com.br\/?page_id=1344\" target=\"_blank\" rel=\"noopener\"><strong><u>Suporte T\u00e9cnico e Manuten\u00e7\u00e3o<\/u><\/strong><\/a><\/h5>\r\n<p>Focado em resolver problemas t\u00e9cnicos de hardware e software, com suporte t\u00e9cnico especifico para \u00e1rea.<\/p>\r\n<p>Os resultados ser\u00e3o equipamentos funcionando corretamente, melhor performance dos sistemas e menos interrup\u00e7\u00f5es.<\/p>\r\n<p>&nbsp;<\/p>\r\n<h5><a href=\"https:\/\/rgmti.com.br\/?page_id=1354\"><strong><u>Infraestrutura de TI<\/u><\/strong><\/a><\/h5>\r\n<p>Voltado para configurar e manter a estrutura de rede e sistemas de conectividade, garantindo que empresas e usu\u00e1rios tenham acesso est\u00e1vel e seguro \u00e0 internet e aos sistemas internos.<\/p>\r\n<p>Os resultados ser\u00e3o a redu\u00e7\u00e3o de problemas de conex\u00e3o, seguran\u00e7a de dados, e uma estrutura de rede confi\u00e1vel que suporte o fluxo de trabalho dos clientes.<\/p>\r\n<p>&nbsp;<\/p>\r\n<h5><a href=\"https:\/\/rgmti.com.br\/?page_id=1358\"><strong><u>Seguran\u00e7a da Informa\u00e7\u00e3o<\/u><\/strong><\/a><\/h5>\r\n<p>Focado em proteger os dados e sistemas contra amea\u00e7as digitais, vazamentos e acessos n\u00e3o autorizados.<\/p>\r\n<p>Os resultados ser\u00e3o a seguran\u00e7a de dados, preven\u00e7\u00e3o de ataques e compliance com normas de seguran\u00e7a como LGPD e GDPR.<\/p>\r\n<p>&nbsp;<\/p>\r\n<h5><a href=\"https:\/\/rgmti.com.br\/?page_id=1361\"><strong><u>Consultoria<\/u><\/strong><\/a><\/h5>\r\n<p>Orienta\u00e7\u00e3o estrat\u00e9gica para empresas que buscam otimizar sua infraestrutura e opera\u00e7\u00f5es de TI, com base nas necessidades espec\u00edficas do neg\u00f3cio.<\/p>\r\n<p>Os resultados ser\u00e1 uma Infraestrutura mais eficiente, redu\u00e7\u00e3o de custos e melhor alinhamento da TI com os objetivos estrat\u00e9gicos da Empresa.<\/p>\r\n","protected":false},"excerpt":{"rendered":"<p>Suporte T\u00e9cnico e Manuten\u00e7\u00e3o Focado em resolver problemas t\u00e9cnicos de hardware e software, com suporte t\u00e9cnico especifico para \u00e1rea. Os resultados ser\u00e3o equipamentos funcionando corretamente, melhor performance dos sistemas e menos interrup\u00e7\u00f5es. &nbsp; Infraestrutura de TI Voltado para configurar e manter a estrutura de rede e sistemas de conectividade, garantindo que empresas e usu\u00e1rios tenham acesso est\u00e1vel e seguro \u00e0 internet e aos sistemas internos. Os resultados ser\u00e3o a redu\u00e7\u00e3o de problemas de conex\u00e3o, seguran\u00e7a de dados, e uma estrutura de rede confi\u00e1vel que suporte o fluxo de trabalho dos clientes. &nbsp; Seguran\u00e7a da Informa\u00e7\u00e3o Focado em proteger os dados e sistemas contra amea\u00e7as digitais, vazamentos e acessos n\u00e3o autorizados.&hellip; <a class=\"read-more\" href=\"https:\/\/rgmti.com.br\/?page_id=489\">Leia Mais<\/a><\/p>\n","protected":false},"author":1,"featured_media":0,"parent":0,"menu_order":0,"comment_status":"closed","ping_status":"closed","template":"","meta":{"_joinchat":[],"footnotes":""},"class_list":["post-489","page","type-page","status-publish","hentry"],"_links":{"self":[{"href":"https:\/\/rgmti.com.br\/index.php?rest_route=\/wp\/v2\/pages\/489","targetHints":{"allow":["GET"]}}],"collection":[{"href":"https:\/\/rgmti.com.br\/index.php?rest_route=\/wp\/v2\/pages"}],"about":[{"href":"https:\/\/rgmti.com.br\/index.php?rest_route=\/wp\/v2\/types\/page"}],"author":[{"embeddable":true,"href":"https:\/\/rgmti.com.br\/index.php?rest_route=\/wp\/v2\/users\/1"}],"replies":[{"embeddable":true,"href":"https:\/\/rgmti.com.br\/index.php?rest_route=%2Fwp%2Fv2%2Fcomments&post=489"}],"version-history":[{"count":21,"href":"https:\/\/rgmti.com.br\/index.php?rest_route=\/wp\/v2\/pages\/489\/revisions"}],"predecessor-version":[{"id":1395,"href":"https:\/\/rgmti.com.br\/index.php?rest_route=\/wp\/v2\/pages\/489\/revisions\/1395"}],"wp:attachment":[{"href":"https:\/\/rgmti.com.br\/index.php?rest_route=%2Fwp%2Fv2%2Fmedia&parent=489"}],"curies":[{"name":"wp","href":"https:\/\/api.w.org\/{rel}","templated":true}]}}