{"id":503,"date":"2019-12-11T20:28:53","date_gmt":"2019-12-11T23:28:53","guid":{"rendered":"http:\/\/rgmti.com.br\/?page_id=503"},"modified":"2025-01-03T16:37:37","modified_gmt":"2025-01-03T19:37:37","slug":"vendas","status":"publish","type":"page","link":"https:\/\/rgmti.com.br\/?page_id=503","title":{"rendered":"WhatsApp"},"content":{"rendered":"<p><a href=\"https:\/\/wa.me\/c\/5511984910380\" target=\"_blank\" rel=\"noopener\">Consulte nosso cat\u00e1logo do WhatsApp para ver outros servi\u00e7os dispon\u00edveis e equipamentos a venda.<\/a><\/p>\n","protected":false},"excerpt":{"rendered":"<p>Consulte nosso cat\u00e1logo do WhatsApp para ver outros servi\u00e7os dispon\u00edveis e equipamentos a venda.<\/p>\n","protected":false},"author":1,"featured_media":0,"parent":0,"menu_order":0,"comment_status":"closed","ping_status":"closed","template":"","meta":{"_joinchat":[],"footnotes":""},"class_list":["post-503","page","type-page","status-publish","hentry"],"_links":{"self":[{"href":"https:\/\/rgmti.com.br\/index.php?rest_route=\/wp\/v2\/pages\/503","targetHints":{"allow":["GET"]}}],"collection":[{"href":"https:\/\/rgmti.com.br\/index.php?rest_route=\/wp\/v2\/pages"}],"about":[{"href":"https:\/\/rgmti.com.br\/index.php?rest_route=\/wp\/v2\/types\/page"}],"author":[{"embeddable":true,"href":"https:\/\/rgmti.com.br\/index.php?rest_route=\/wp\/v2\/users\/1"}],"replies":[{"embeddable":true,"href":"https:\/\/rgmti.com.br\/index.php?rest_route=%2Fwp%2Fv2%2Fcomments&post=503"}],"version-history":[{"count":10,"href":"https:\/\/rgmti.com.br\/index.php?rest_route=\/wp\/v2\/pages\/503\/revisions"}],"predecessor-version":[{"id":1415,"href":"https:\/\/rgmti.com.br\/index.php?rest_route=\/wp\/v2\/pages\/503\/revisions\/1415"}],"wp:attachment":[{"href":"https:\/\/rgmti.com.br\/index.php?rest_route=%2Fwp%2Fv2%2Fmedia&parent=503"}],"curies":[{"name":"wp","href":"https:\/\/api.w.org\/{rel}","templated":true}]}}