{"id":666,"date":"2020-09-11T20:07:28","date_gmt":"2020-09-11T23:07:28","guid":{"rendered":"http:\/\/rgmti.com.br\/?page_id=666"},"modified":"2026-03-16T11:22:35","modified_gmt":"2026-03-16T14:22:35","slug":"downloads","status":"publish","type":"page","link":"https:\/\/rgmti.com.br\/?page_id=666","title":{"rendered":"Downloads"},"content":{"rendered":"<h5><strong>Acesso Remoto<\/strong><\/h5>\n<figure class=\"wp-block-table\">\n<table style=\"width: 100%; table-layout: fixed; border-collapse: collapse; border: none;\">\n<tbody>\n<tr style=\"background-color: #ffffff;\">\n<td style=\"width: 30%; padding: 10px; border: none;\"><a href=\"https:\/\/download.anydesk.com\/AnyDesk.exe?_ga=2.23404858.1666537788.1599865592-1254931018.1599578626\" target=\"_blank\" rel=\"noreferrer noopener\">AnyDesk<\/a><\/td>\n<td style=\"padding: 10px; border: none;\">Desktop remoto r\u00e1pido e seguro.<\/td>\n<\/tr>\n<tr style=\"background-color: #f3f4f5;\">\n<td style=\"width: 30%; padding: 10px; border: none;\"><a href=\"https:\/\/www.tightvnc.com\/download\/2.8.27\/tightvnc-2.8.27-gpl-setup-64bit.msi\" target=\"_blank\" rel=\"noreferrer noopener\">TightVNC<\/a><\/td>\n<td style=\"padding: 10px; border: none;\">Controle remoto gratuito de c\u00f3digo aberto.<\/td>\n<\/tr>\n<tr style=\"background-color: #ffffff;\">\n<td style=\"width: 30%; padding: 10px; border: none;\"><a href=\"https:\/\/download.teamviewer.com\/download\/TeamViewer_Setup.exe\" target=\"_blank\" rel=\"noreferrer noopener\">TeamViewer<\/a><\/td>\n<td style=\"padding: 10px; border: none;\">Suporte remoto e reuni\u00f5es online.<\/td>\n<\/tr>\n<\/tbody>\n<\/table>\n<\/figure>\n<p>&nbsp;<\/p>\n<h5><strong>Backup<\/strong><\/h5>\n<figure class=\"wp-block-table\">\n<table style=\"width: 100%; table-layout: fixed; border-collapse: collapse; border: none;\">\n<tbody>\n<tr style=\"background-color: #ffffff;\">\n<td style=\"width: 30%; padding: 10px; border: none;\"><a class=\"ek-link\" href=\"https:\/\/owncloud.com\/desktop-app\/\">ownCloud<\/a><\/td>\n<td style=\"padding: 10px; border: none;\">Sincroniza\u00e7\u00e3o de arquivos em nuvem privada.<\/td>\n<\/tr>\n<tr style=\"background-color: #f3f4f5;\">\n<td style=\"width: 30%; padding: 10px; border: none;\"><a href=\"https:\/\/files.cobiansoft.com\/programs\/cbSetup.exe\" target=\"_blank\" rel=\"noreferrer noopener\">Cobian Backup 11<\/a><\/td>\n<td style=\"padding: 10px; border: none;\">Agendamento e execu\u00e7\u00e3o de backups autom\u00e1ticos.<\/td>\n<\/tr>\n<\/tbody>\n<\/table>\n<\/figure>\n<p>&nbsp;<\/p>\n<h5><strong>Utilit\u00e1rios<\/strong><\/h5>\n<figure class=\"wp-block-table\">\n<table style=\"width: 100%; table-layout: fixed; border-collapse: collapse; border: none;\">\n<tbody>\n<tr style=\"background-color: #ffffff;\">\n<td style=\"width: 30%; padding: 10px; border: none;\"><a href=\"https:\/\/www.sordum.org\/downloads\/?st-reduce-memory\" target=\"_blank\" rel=\"noreferrer noopener\">Reduce Memory<\/a><\/td>\n<td style=\"padding: 10px; border: none;\">Otimiza e libera o uso da mem\u00f3ria RAM.<\/td>\n<\/tr>\n<tr style=\"background-color: #f3f4f5;\">\n<td style=\"width: 30%; padding: 10px; border: none;\"><a href=\"https:\/\/learn.microsoft.com\/pt-br\/sysinternals\/downloads\/rammap\" target=\"_blank\" rel=\"noreferrer noopener\">RAMMap<\/a><\/td>\n<td style=\"padding: 10px; border: none;\">An\u00e1lise avan\u00e7ada do uso da mem\u00f3ria f\u00edsica.<\/td>\n<\/tr>\n<tr style=\"background-color: #ffffff;\">\n<td style=\"width: 30%; padding: 10px; border: none;\"><a href=\"https:\/\/www.cccleaner.com\/cccleaner\/download\/standard\" target=\"_blank\" rel=\"noreferrer noopener\">CCleaner<\/a><\/td>\n<td style=\"padding: 10px; border: none;\">Limpeza e otimiza\u00e7\u00e3o do sistema.<\/td>\n<\/tr>\n<tr style=\"background-color: #f3f4f5;\">\n<td style=\"width: 30%; padding: 10px; border: none;\"><a href=\"http:\/\/download.cpuid.com\/cpu-z\/cpu-z_1.93-en.exe\" target=\"_blank\" rel=\"noreferrer noopener\">CPU-Z<\/a><\/td>\n<td style=\"padding: 10px; border: none;\">Informa\u00e7\u00f5es detalhadas sobre o hardware (CPU\/RAM).<\/td>\n<\/tr>\n<tr style=\"background-color: #ffffff;\">\n<td style=\"width: 30%; padding: 10px; border: none;\"><a href=\"https:\/\/www.harddisksentinel.com\/hdsentinel_pro_portable.zip\" target=\"_blank\" rel=\"noreferrer noopener\">HD Sentinel<\/a><\/td>\n<td style=\"padding: 10px; border: none;\">Monitoramento e sa\u00fade de HDDs e SSDs.<\/td>\n<\/tr>\n<tr style=\"background-color: #f3f4f5;\">\n<td style=\"width: 30%; padding: 10px; border: none;\"><a href=\"https:\/\/www.advanced-ip-scanner.com\/download\/\" target=\"_blank\" rel=\"noreferrer noopener\">Advanced IP Scanner<\/a><\/td>\n<td style=\"padding: 10px; border: none;\">Scanner de rede para an\u00e1lise de IPs na LAN.<\/td>\n<\/tr>\n<tr style=\"background-color: #ffffff;\">\n<td style=\"width: 30%; padding: 10px; border: none;\"><a href=\"https:\/\/mt.lv\/winbox64\" target=\"_blank\" rel=\"noreferrer noopener\">Winbox (MikroTik)<\/a><\/td>\n<td style=\"padding: 10px; border: none;\">Utilit\u00e1rio de configura\u00e7\u00e3o para MikroTik RouterOS.<\/td>\n<\/tr>\n<tr style=\"background-color: #f3f4f5;\">\n<td style=\"width: 30%; padding: 10px; border: none;\"><a href=\"https:\/\/www.iobit.com\/downloadcenter.php?product=pt-driver-booster-free-new\" target=\"_blank\" rel=\"noreferrer noopener\">Driver Booster<\/a><\/td>\n<td style=\"padding: 10px; border: none;\">Atualiza\u00e7\u00e3o autom\u00e1tica de drivers desatualizados.<\/td>\n<\/tr>\n<tr style=\"background-color: #ffffff;\">\n<td style=\"width: 30%; padding: 10px; border: none;\"><a href=\"https:\/\/liveupdate.symantecliveupdate.com\/upgrade\/RnR\/NRnR.exe\" target=\"_blank\" rel=\"noreferrer noopener\">Ferramenta Norton<\/a><\/td>\n<td style=\"padding: 10px; border: none;\">Remo\u00e7\u00e3o completa de produtos Norton.<\/td>\n<\/tr>\n<tr style=\"background-color: #f3f4f5;\">\n<td style=\"width: 30%; padding: 10px; border: none;\"><a href=\"https:\/\/www.iobit.com\/downloadcenter.php?product=iobit-unlocker\" target=\"_blank\" rel=\"noreferrer noopener\">Unlocker<\/a><\/td>\n<td style=\"padding: 10px; border: none;\">Exclui arquivos &#8220;presos&#8221; pelo sistema.<\/td>\n<\/tr>\n<tr style=\"background-color: #ffffff;\">\n<td style=\"width: 30%; padding: 10px; border: none;\"><a href=\"http:\/\/backend.intelbras.com\/sites\/default\/files\/2020-09\/SIMNext__Setup_v1.18.17_Offline.exe_.zip\" target=\"_blank\" rel=\"noreferrer noopener\">SIM Next Intelbras<\/a><\/td>\n<td style=\"padding: 10px; border: none;\">Software de gest\u00e3o de seguran\u00e7a e CFTV.<\/td>\n<\/tr>\n<\/tbody>\n<\/table>\n<\/figure>\n<p>&nbsp;<\/p>\n<h5><strong>Links<\/strong><\/h5>\n<figure class=\"wp-block-table\">\n<table style=\"width: 100%; table-layout: fixed; border-collapse: collapse; border: none;\">\n<tbody>\n<tr style=\"background-color: #ffffff;\">\n<td style=\"width: 30%; padding: 10px; border: none;\"><a href=\"https:\/\/testarteclado.com.br\/\" target=\"_blank\" rel=\"noreferrer noopener\">Teste de Teclado<\/a><\/td>\n<td style=\"padding: 10px; border: none;\">Verifica\u00e7\u00e3o do funcionamento das teclas.<\/td>\n<\/tr>\n<tr style=\"background-color: #f3f4f5;\">\n<td style=\"width: 30%; padding: 10px; border: none;\"><a href=\"https:\/\/www.iobit.com\/pt\/mic-test.php\" target=\"_blank\" rel=\"noreferrer noopener\">Teste de Microfone<\/a><\/td>\n<td style=\"padding: 10px; border: none;\">Verifica\u00e7\u00e3o de entrada de \u00e1udio.<\/td>\n<\/tr>\n<tr style=\"background-color: #ffffff;\">\n<td style=\"width: 30%; padding: 10px; border: none;\"><a href=\"https:\/\/www.iobit.com\/pt\/webcam-test.php\" target=\"_blank\" rel=\"noreferrer noopener\">Teste de Webcam<\/a><\/td>\n<td style=\"padding: 10px; border: none;\">Verifica\u00e7\u00e3o de imagem e c\u00e2mera.<\/td>\n<\/tr>\n<tr style=\"background-color: #f3f4f5;\">\n<td style=\"width: 30%; padding: 10px; border: none;\"><a href=\"https:\/\/www.brasilbandalarga.com.br\/bbl\/\" target=\"_blank\" rel=\"noreferrer noopener\">Velocidade Internet<\/a><\/td>\n<td style=\"padding: 10px; border: none;\">Medi\u00e7\u00e3o da velocidade da internet banda larga.<\/td>\n<\/tr>\n<tr style=\"background-color: #ffffff;\">\n<td style=\"width: 30%; padding: 10px; border: none;\"><a class=\"ek-link\" href=\"https:\/\/www.ip2location.com\/demo\/\" target=\"_blank\" rel=\"noreferrer noopener\">IP2Location<\/a><\/td>\n<td style=\"padding: 10px; border: none;\">Informa\u00e7\u00f5es geogr\u00e1ficas de um endere\u00e7o IP.<\/td>\n<\/tr>\n<tr style=\"background-color: #f3f4f5;\">\n<td style=\"width: 30%; padding: 10px; border: none;\"><a class=\"ek-link\" href=\"https:\/\/www.ip-tracker.org\/\" target=\"_blank\" rel=\"noreferrer noopener\">IP Tracker<\/a><\/td>\n<td style=\"padding: 10px; border: none;\">Rastreamento e localiza\u00e7\u00e3o de IPs.<\/td>\n<\/tr>\n<\/tbody>\n<\/table>\n<\/figure>\n","protected":false},"excerpt":{"rendered":"<p>Acesso Remoto AnyDesk Desktop remoto r\u00e1pido e seguro. TightVNC Controle remoto gratuito de c\u00f3digo aberto. TeamViewer Suporte remoto e reuni\u00f5es online. &nbsp; Backup ownCloud Sincroniza\u00e7\u00e3o de arquivos em nuvem privada. Cobian Backup 11 Agendamento e execu\u00e7\u00e3o de backups autom\u00e1ticos. &nbsp; Utilit\u00e1rios Reduce Memory Otimiza e libera o uso da mem\u00f3ria RAM. RAMMap An\u00e1lise avan\u00e7ada do uso da mem\u00f3ria f\u00edsica. CCleaner Limpeza e otimiza\u00e7\u00e3o do sistema. CPU-Z Informa\u00e7\u00f5es detalhadas sobre o hardware (CPU\/RAM). HD Sentinel Monitoramento e sa\u00fade de HDDs e SSDs. Advanced IP Scanner Scanner de rede para an\u00e1lise de IPs na LAN. Winbox (MikroTik) Utilit\u00e1rio de configura\u00e7\u00e3o para MikroTik RouterOS. Driver Booster Atualiza\u00e7\u00e3o autom\u00e1tica de drivers desatualizados. Ferramenta Norton&hellip; <a class=\"read-more\" href=\"https:\/\/rgmti.com.br\/?page_id=666\">Leia Mais<\/a><\/p>\n","protected":false},"author":1,"featured_media":0,"parent":0,"menu_order":0,"comment_status":"closed","ping_status":"closed","template":"","meta":{"_joinchat":[],"footnotes":""},"class_list":["post-666","page","type-page","status-publish","hentry"],"_links":{"self":[{"href":"https:\/\/rgmti.com.br\/index.php?rest_route=\/wp\/v2\/pages\/666","targetHints":{"allow":["GET"]}}],"collection":[{"href":"https:\/\/rgmti.com.br\/index.php?rest_route=\/wp\/v2\/pages"}],"about":[{"href":"https:\/\/rgmti.com.br\/index.php?rest_route=\/wp\/v2\/types\/page"}],"author":[{"embeddable":true,"href":"https:\/\/rgmti.com.br\/index.php?rest_route=\/wp\/v2\/users\/1"}],"replies":[{"embeddable":true,"href":"https:\/\/rgmti.com.br\/index.php?rest_route=%2Fwp%2Fv2%2Fcomments&post=666"}],"version-history":[{"count":37,"href":"https:\/\/rgmti.com.br\/index.php?rest_route=\/wp\/v2\/pages\/666\/revisions"}],"predecessor-version":[{"id":1828,"href":"https:\/\/rgmti.com.br\/index.php?rest_route=\/wp\/v2\/pages\/666\/revisions\/1828"}],"wp:attachment":[{"href":"https:\/\/rgmti.com.br\/index.php?rest_route=%2Fwp%2Fv2%2Fmedia&parent=666"}],"curies":[{"name":"wp","href":"https:\/\/api.w.org\/{rel}","templated":true}]}}