{"id":700,"date":"2020-11-25T20:03:05","date_gmt":"2020-11-25T23:03:05","guid":{"rendered":"http:\/\/rgmti.com.br\/?page_id=700"},"modified":"2025-01-03T17:43:13","modified_gmt":"2025-01-03T17:43:13","slug":"contrato-de-suporte-nivel-3","status":"publish","type":"page","link":"https:\/\/rgmti.com.br\/?page_id=700","title":{"rendered":"N\u00edvel 3 &#8211; Gest\u00e3o Completa de TI"},"content":{"rendered":"\r\n<h3><strong>N\u00edvel 3 &#8211; Gest\u00e3o Completa de TI<br \/><\/strong><\/h3>\r\n<p>Este n\u00edvel \u00e9 para empresas de grande porte ou que necessitam de uma gest\u00e3o completa de TI, com foco em infraestrutura avan\u00e7ada, seguran\u00e7a, consultoria estrat\u00e9gica e monitoramento cont\u00ednuo.<\/p>\r\n<p>&nbsp;<\/p>\r\n<h4><strong>Servi\u00e7os Inclu\u00eddos<\/strong>:<\/h4>\r\n<ul>\r\n<li>\r\n<h6><strong>Suporte T\u00e9cnico e Manuten\u00e7\u00e3o<\/strong>:<\/h6>\r\n<ul>\r\n<li style=\"list-style-type: none;\">\r\n<ul>\r\n<li>Monitoramento 24&#215;7 de servidores e infraestrutura.<\/li>\r\n<li>Gerenciamento de backup remoto e local para servidores.<\/li>\r\n<li>Gerenciamento de antiv\u00edrus corporativo.<\/li>\r\n<\/ul>\r\n<\/li>\r\n<\/ul>\r\n<\/li>\r\n<\/ul>\r\n<ul>\r\n<li>\r\n<h6><strong>Infraestrutura de TI<\/strong>:<\/h6>\r\n<ul>\r\n<li style=\"list-style-type: none;\">\r\n<ul>\r\n<li>Configura\u00e7\u00e3o de rede (Microsoft Windows Server, Linux, VLAN, Mikrotik, Switches gerenci\u00e1veis, e outros equipamentos de rede).<\/li>\r\n<li>Configura\u00e7\u00e3o de VPNs para acessos remotos seguros.<\/li>\r\n<li>Monitoramento e manuten\u00e7\u00e3o de desempenho da rede.<\/li>\r\n<li>Implanta\u00e7\u00e3o e gerenciamento de servidores.<\/li>\r\n<li>Virtualiza\u00e7\u00e3o de servidores.<\/li>\r\n<li>Cria\u00e7\u00e3o, manuten\u00e7\u00e3o e gerenciamento de Google Workspace e hospedagem de dom\u00ednio.<\/li>\r\n<li>Gerenciamento completo de infraestrutura (rede, servidores, backup, seguran\u00e7a, etc.).<\/li>\r\n<\/ul>\r\n<\/li>\r\n<\/ul>\r\n<\/li>\r\n<\/ul>\r\n<ul>\r\n<li>\r\n<h6><strong>Seguran\u00e7a da Informa\u00e7\u00e3o<\/strong>:<\/h6>\r\n<ul>\r\n<li style=\"list-style-type: none;\">\r\n<ul>\r\n<li>An\u00e1lise e auditoria de seguran\u00e7a para identificar vulnerabilidades.<\/li>\r\n<li>Implementa\u00e7\u00e3o de pol\u00edticas de seguran\u00e7a, como controle de acesso e autentica\u00e7\u00e3o.<\/li>\r\n<li>Backup e recupera\u00e7\u00e3o de dados.<\/li>\r\n<li>Preven\u00e7\u00e3o contra ataques.<\/li>\r\n<\/ul>\r\n<\/li>\r\n<\/ul>\r\n<\/li>\r\n<\/ul>\r\n<ul>\r\n<li>\r\n<h6><strong>Consultoria em TI<\/strong>:<\/h6>\r\n<ul>\r\n<li style=\"list-style-type: none;\">\r\n<ul>\r\n<li>Acompanhamento de projetos de TI e recomenda\u00e7\u00f5es para redu\u00e7\u00e3o de custos.<\/li>\r\n<li>Aux\u00edlio na escolha de tecnologias, fornecedores e contratos.<\/li>\r\n<li>Consultoria em conformidade regulat\u00f3ria e prote\u00e7\u00e3o de dados.<\/li>\r\n<li>Consultoria estrat\u00e9gica em TI (planejamento, transforma\u00e7\u00e3o digital, escolha de solu\u00e7\u00f5es e inova\u00e7\u00f5es tecnol\u00f3gicas).<\/li>\r\n<li>Planejamento de projetos em infraestrutura de TI (expans\u00f5es, atualiza\u00e7\u00f5es e melhorias).<\/li>\r\n<li>Or\u00e7amento e aquisi\u00e7\u00e3o de equipamentos de TI (hardware e software).<\/li>\r\n<li>Consultoria em seguran\u00e7a cibern\u00e9tica.<\/li>\r\n<\/ul>\r\n<\/li>\r\n<\/ul>\r\n<\/li>\r\n<\/ul>\r\n<p>&nbsp;<\/p>\r\n<h4><strong>Modelo de Cobran\u00e7a<\/strong>:<\/h4>\r\n<p>Cobran\u00e7a mensal mais alta, com base no n\u00famero de servidores, complexidade da infraestrutura, n\u00famero de endpoints, consultoria estrat\u00e9gica e monitoramento 24\/7. Tamb\u00e9m pode incluir cobran\u00e7as por projeto ou por horas de consultoria.<\/p>\r\n\r\n\r\n\r\n<p><a href=\"http:\/\/rgmti.com.br\/?page_id=709\"><strong>Ver mais<\/strong><\/a><\/p>\r\n\r\n<div class=\"notranslate\" style=\"all: initial;\">\u00a0<\/div>","protected":false},"excerpt":{"rendered":"<p>N\u00edvel 3 &#8211; Gest\u00e3o Completa de TI Este n\u00edvel \u00e9 para empresas de grande porte ou que necessitam de uma gest\u00e3o completa de TI, com foco em infraestrutura avan\u00e7ada, seguran\u00e7a, consultoria estrat\u00e9gica e monitoramento cont\u00ednuo. &nbsp; Servi\u00e7os Inclu\u00eddos: Suporte T\u00e9cnico e Manuten\u00e7\u00e3o: Monitoramento 24&#215;7 de servidores e infraestrutura. Gerenciamento de backup remoto e local para servidores. Gerenciamento de antiv\u00edrus corporativo. Infraestrutura de TI: Configura\u00e7\u00e3o de rede (Microsoft Windows Server, Linux, VLAN, Mikrotik, Switches gerenci\u00e1veis, e outros equipamentos de rede). Configura\u00e7\u00e3o de VPNs para acessos remotos seguros. Monitoramento e manuten\u00e7\u00e3o de desempenho da rede. Implanta\u00e7\u00e3o e gerenciamento de servidores. Virtualiza\u00e7\u00e3o de servidores. Cria\u00e7\u00e3o, manuten\u00e7\u00e3o e gerenciamento de Google Workspace e hospedagem&hellip; <a class=\"read-more\" href=\"https:\/\/rgmti.com.br\/?page_id=700\">Leia Mais<\/a><\/p>\n","protected":false},"author":1,"featured_media":0,"parent":0,"menu_order":0,"comment_status":"closed","ping_status":"closed","template":"","meta":{"_joinchat":[],"footnotes":""},"class_list":["post-700","page","type-page","status-publish","hentry"],"_links":{"self":[{"href":"https:\/\/rgmti.com.br\/index.php?rest_route=\/wp\/v2\/pages\/700","targetHints":{"allow":["GET"]}}],"collection":[{"href":"https:\/\/rgmti.com.br\/index.php?rest_route=\/wp\/v2\/pages"}],"about":[{"href":"https:\/\/rgmti.com.br\/index.php?rest_route=\/wp\/v2\/types\/page"}],"author":[{"embeddable":true,"href":"https:\/\/rgmti.com.br\/index.php?rest_route=\/wp\/v2\/users\/1"}],"replies":[{"embeddable":true,"href":"https:\/\/rgmti.com.br\/index.php?rest_route=%2Fwp%2Fv2%2Fcomments&post=700"}],"version-history":[{"count":27,"href":"https:\/\/rgmti.com.br\/index.php?rest_route=\/wp\/v2\/pages\/700\/revisions"}],"predecessor-version":[{"id":1376,"href":"https:\/\/rgmti.com.br\/index.php?rest_route=\/wp\/v2\/pages\/700\/revisions\/1376"}],"wp:attachment":[{"href":"https:\/\/rgmti.com.br\/index.php?rest_route=%2Fwp%2Fv2%2Fmedia&parent=700"}],"curies":[{"name":"wp","href":"https:\/\/api.w.org\/{rel}","templated":true}]}}