{"id":782,"date":"2021-06-14T16:20:50","date_gmt":"2021-06-14T19:20:50","guid":{"rendered":"https:\/\/rgmti.com.br\/?page_id=782"},"modified":"2025-02-03T17:13:53","modified_gmt":"2025-02-03T20:13:53","slug":"configurar-cliente-de-email","status":"publish","type":"page","link":"https:\/\/rgmti.com.br\/?page_id=782","title":{"rendered":"Configurar cliente de email"},"content":{"rendered":"\r\n<h6><strong>Configura\u00e7\u00e3o usando conex\u00e3o criptografada SSL\/TLS (Recomendado)<\/strong><\/h6>\r\n\r\n\r\n\r\n<p><strong>Nome de usu\u00e1rio:<\/strong> nome@seudominio.com.br<br \/><strong>Senha:<\/strong> Use a senha da conta de email.<br \/><strong>Servidor de entrada:<\/strong> mail.seudominio.com.br ou iuri0064.hospedagemdesites.ws<br \/><strong>Porta IMAP:<\/strong> 993<br \/><strong>Porta POP3:<\/strong> 995<br \/><strong>Servidor de sa\u00edda<\/strong>: mail.seudominio.com.br ou iuri0064.hospedagemdesites.ws<br \/><strong>Porta SMTP:<\/strong> 465<br \/>IMAP, POP3 e SMTP requer autentica\u00e7\u00e3o.<\/p>\r\n<p>&nbsp;<\/p>\r\n\r\n\r\n\r\n<h6><strong>Configura\u00e7\u00e3o sem usar conex\u00e3o criptografada (N\u00e3o recomendado)<\/strong><\/h6>\r\n\r\n\r\n\r\n<p><strong>Nome de usu\u00e1rio:<\/strong> nome@seudominio.com.br<br \/><strong>Senha:<\/strong> Use a senha da conta de email.<br \/><strong>Servidor de entrada:<\/strong> mail.seudominio.com.br ou iuri0064.hospedagemdesites.ws<br \/><strong>Porta IMAP:<\/strong> 143<br \/><strong>Porta POP3:<\/strong> 110<br \/><strong>Servidor de sa\u00edda:<\/strong> mail.seudominio.com.br ou iuri0064.hospedagemdesites.ws<br \/><strong>Porta SMTP:<\/strong> 587<\/p>\r\n<p>&nbsp;<\/p>\r\n\r\n\r\n\r\n\r\n\r\n<h6><strong>Observa\u00e7\u00f5es:<\/strong><\/h6>\r\n<p>O acesso ao email <strong>IMAP<\/strong> \u00e9 coordenado entre o servidor e seu aplicativo de email. As mensagens que foram lidas\/exclu\u00eddas\/respondidas ser\u00e3o mostradas como tal no servidor e no aplicativo de email.<br \/><strong>POP3<\/strong> n\u00e3o \u00e9 coordenado com o servidor. As mensagens marcadas como lidas\/exclu\u00eddas\/respondidas no aplicativo de email n\u00e3o ser\u00e3o mostradas como tal no servidor. Isso significa que futuros downloads de email com POP3 mostrar\u00e3o todas as mensagens como n\u00e3o lidas.<br \/>\u00c9 recomend\u00e1vel usar POP3 por SSL\/TLS ou IMAP por SSL\/TLS, pois eles fornecem maior seguran\u00e7a para suas intera\u00e7\u00f5es com o servidor de email remoto.<\/p>\r\n","protected":false},"excerpt":{"rendered":"<p>Configura\u00e7\u00e3o usando conex\u00e3o criptografada SSL\/TLS (Recomendado) Nome de usu\u00e1rio: nome@seudominio.com.brSenha: Use a senha da conta de email.Servidor de entrada: mail.seudominio.com.br ou iuri0064.hospedagemdesites.wsPorta IMAP: 993Porta POP3: 995Servidor de sa\u00edda: mail.seudominio.com.br ou iuri0064.hospedagemdesites.wsPorta SMTP: 465IMAP, POP3 e SMTP requer autentica\u00e7\u00e3o. &nbsp; Configura\u00e7\u00e3o sem usar conex\u00e3o criptografada (N\u00e3o recomendado) Nome de usu\u00e1rio: nome@seudominio.com.brSenha: Use a senha da conta de email.Servidor de entrada: mail.seudominio.com.br ou iuri0064.hospedagemdesites.wsPorta IMAP: 143Porta POP3: 110Servidor de sa\u00edda: mail.seudominio.com.br ou iuri0064.hospedagemdesites.wsPorta SMTP: 587 &nbsp; Observa\u00e7\u00f5es: O acesso ao email IMAP \u00e9 coordenado entre o servidor e seu aplicativo de email. As mensagens que foram lidas\/exclu\u00eddas\/respondidas ser\u00e3o mostradas como tal no servidor e no aplicativo de email.POP3 n\u00e3o \u00e9 coordenado com&hellip; <a class=\"read-more\" href=\"https:\/\/rgmti.com.br\/?page_id=782\">Leia Mais<\/a><\/p>\n","protected":false},"author":1,"featured_media":0,"parent":0,"menu_order":0,"comment_status":"closed","ping_status":"closed","template":"","meta":{"_joinchat":[],"footnotes":""},"class_list":["post-782","page","type-page","status-publish","hentry"],"_links":{"self":[{"href":"https:\/\/rgmti.com.br\/index.php?rest_route=\/wp\/v2\/pages\/782","targetHints":{"allow":["GET"]}}],"collection":[{"href":"https:\/\/rgmti.com.br\/index.php?rest_route=\/wp\/v2\/pages"}],"about":[{"href":"https:\/\/rgmti.com.br\/index.php?rest_route=\/wp\/v2\/types\/page"}],"author":[{"embeddable":true,"href":"https:\/\/rgmti.com.br\/index.php?rest_route=\/wp\/v2\/users\/1"}],"replies":[{"embeddable":true,"href":"https:\/\/rgmti.com.br\/index.php?rest_route=%2Fwp%2Fv2%2Fcomments&post=782"}],"version-history":[{"count":6,"href":"https:\/\/rgmti.com.br\/index.php?rest_route=\/wp\/v2\/pages\/782\/revisions"}],"predecessor-version":[{"id":1491,"href":"https:\/\/rgmti.com.br\/index.php?rest_route=\/wp\/v2\/pages\/782\/revisions\/1491"}],"wp:attachment":[{"href":"https:\/\/rgmti.com.br\/index.php?rest_route=%2Fwp%2Fv2%2Fmedia&parent=782"}],"curies":[{"name":"wp","href":"https:\/\/api.w.org\/{rel}","templated":true}]}}